{"id":1097,"date":"2026-02-28T23:27:04","date_gmt":"2026-03-01T02:27:04","guid":{"rendered":"https:\/\/crp09.org.br\/site\/?page_id=1097"},"modified":"2026-04-28T11:15:39","modified_gmt":"2026-04-28T14:15:39","slug":"transferencia","status":"publish","type":"page","link":"https:\/\/crp09.org.br\/site\/transferencia\/","title":{"rendered":"Transfer\u00eancia"},"content":{"rendered":"\t\t<div data-elementor-type=\"wp-page\" data-elementor-id=\"1097\" class=\"elementor elementor-1097\" data-elementor-post-type=\"page\">\n\t\t\t\t<div class=\"elementor-element elementor-element-6276d6f e-flex e-con-boxed e-con e-parent\" data-id=\"6276d6f\" data-element_type=\"container\" data-e-type=\"container\">\n\t\t\t\t\t<div class=\"e-con-inner\">\n\t\t\t\t<div class=\"elementor-element elementor-element-b664220 elementor-widget elementor-widget-heading\" data-id=\"b664220\" data-element_type=\"widget\" data-e-type=\"widget\" data-widget_type=\"heading.default\">\n\t\t\t\t\t<h2 class=\"elementor-heading-title elementor-size-default\">Transfer\u00eancia de Pessoa F\u00edsica para o CRP-09<\/h2>\t\t\t\t<\/div>\n\t\t\t\t<div class=\"elementor-element elementor-element-70f0d6e elementor-widget elementor-widget-text-editor\" data-id=\"70f0d6e\" data-element_type=\"widget\" data-e-type=\"widget\" data-widget_type=\"text-editor.default\">\n\t\t\t\t\t\t\t\t\t<p>A transfer\u00eancia de pessoa f\u00edsica nos CRP\u2019s \u00e9 regulamentada pela Resolu\u00e7\u00e3o CFP n.\u00ba 03\/2007 e altera\u00e7\u00f5es posteriores;<br \/>A Transfer\u00eancia para o CRP-09 deve ser realizada de\u00a0<strong>forma online<\/strong>, no bot\u00e3o\u00a0<span style=\"color: #00ccff;\"><strong><span style=\"text-decoration: underline;\">ACESSAR OS REQUERIMENTOS ONLINE<\/span><\/strong><\/span>\u00a0que fica localizado <strong><span style=\"text-decoration: underline;\">ap\u00f3s<\/span> <\/strong>as instru\u00e7\u00f5es.<\/p>\t\t\t\t\t\t\t\t<\/div>\n\t\t\t\t<div class=\"elementor-element elementor-element-ed0955d elementor-widget elementor-widget-heading\" data-id=\"ed0955d\" data-element_type=\"widget\" data-e-type=\"widget\" data-widget_type=\"heading.default\">\n\t\t\t\t\t<h6 class=\"elementor-heading-title elementor-size-default\">PARA A TRANSFER\u00caNCIA PARA O CRP-09, DEVER\u00c3O SER APRESENTADOS OS SEGUINTES DOCUMENTOS (ELES DEVEM SER DIGITALIZADOS E ANEXADOS EM FORMATO PDF)<\/h6>\t\t\t\t<\/div>\n\t\t\t\t<div class=\"elementor-element elementor-element-557d76b elementor-widget elementor-widget-text-editor\" data-id=\"557d76b\" data-element_type=\"widget\" data-e-type=\"widget\" data-widget_type=\"text-editor.default\">\n\t\t\t\t\t\t\t\t\t<p><strong>1.<\/strong>&nbsp;Diploma (frente e verso) de psic\u00f3logo (a), devidamente&nbsp;<strong>assinado&nbsp;<\/strong>pelo (a) diplomado (a), ou Certid\u00e3o de Cola\u00e7\u00e3o de Grau do Curso de Psicologia &#8211; Grau psic\u00f3logo, expedidos por institui\u00e7\u00f5es reconhecidas pelo MEC;<br><strong>2.<\/strong>&nbsp;Hist\u00f3rico Escolar de Gradua\u00e7\u00e3o em Psicologia (caso tenha ocorrido o aproveitamento de cr\u00e9dito de outro curso, na mesma institui\u00e7\u00e3o de ensino ou de outra institui\u00e7\u00e3o de ensino, dever\u00e1 ser apresentado tamb\u00e9m o hist\u00f3rico relativo ao aproveitamento);<br><strong>3.&nbsp;<\/strong>Comprovante de Situa\u00e7\u00e3o Cadastral junto ao CPF pode ser emitido&nbsp;<a href=\"https:\/\/servicos.receita.fazenda.gov.br\/servicos\/cpf\/consultasituacao\/ConsultaPublica.asp\"><strong>clicando aqu<\/strong><strong>i<\/strong><\/a><strong>;<br><\/strong><strong>4.<\/strong>Certid\u00e3o de quita\u00e7\u00e3o eleitoral pode ser obtida&nbsp;<strong><a href=\"https:\/\/www.tse.jus.br\/servicos-eleitorais\/autoatendimento-eleitoral#\/\">clicando aqui<\/a><\/strong><strong>;<\/strong><br><strong>5<\/strong>.&nbsp;Documento de Identidade;<br><strong>6<\/strong>.Carteira profissional original do CRP de origem;<br><strong>7<\/strong>.&nbsp;Certid\u00e3o de nascimento\/casamento; Averba\u00e7\u00e3o emitida pelo cart\u00f3rio no caso de div\u00f3rcio ou viuvez;<br><strong>8.<\/strong>&nbsp;Certificado de Reservista Militar (CRM) ou de Dispensa de Incorpora\u00e7\u00e3o &#8211; CDI (se do sexo masculino);<br><strong>9.<\/strong>&nbsp;Comprovante de endere\u00e7o recente;<br><strong>10.<\/strong>&nbsp;Certid\u00e3o Negativa (Certid\u00e3o de Regularidade) emitida pelo CRP de origem;<br><strong>11.<\/strong>&nbsp;Requerimento de Inclus\u00e3o de Nome Social (<a href=\"https:\/\/crp09.org.br\/site\/wp-content\/uploads\/2026\/02\/Requerimento_inclusao_NOME_SOCIAL.pdf\"><strong>clicando aqui<\/strong><\/a>), nos casos de pessoas transexuais e travestis que escolham o direito de tratamento nominal a ser inserido na Carteira de Identidade Profissional, conforme resolu\u00e7\u00e3o do CFP n\u00b0 10\/2018.&nbsp;<\/p>\t\t\t\t\t\t\t\t<\/div>\n\t\t\t\t<div class=\"elementor-element elementor-element-f14c4a8 elementor-invisible elementor-widget elementor-widget-heading\" data-id=\"f14c4a8\" data-element_type=\"widget\" data-e-type=\"widget\" data-settings=\"{&quot;_animation&quot;:&quot;shake&quot;}\" data-widget_type=\"heading.default\">\n\t\t\t\t\t<h4 class=\"elementor-heading-title elementor-size-default\">ATEN\u00c7\u00c3O<\/h4>\t\t\t\t<\/div>\n\t\t\t\t<div class=\"elementor-element elementor-element-90cfea0 elementor-widget elementor-widget-text-editor\" data-id=\"90cfea0\" data-element_type=\"widget\" data-e-type=\"widget\" data-widget_type=\"text-editor.default\">\n\t\t\t\t\t\t\t\t\t<p><span style=\"color: #000000;\">&#8211; Ap\u00f3s a an\u00e1lise processual ser\u00e1 emitido o\u00a0<strong>boleto<\/strong>\u00a0a ser pago, no qual ser\u00e1 encaminhado via e-mail para o requerente. Pedimos que AGUARDE o envio do boleto, pois ser\u00e1 encaminhado somente ap\u00f3s a an\u00e1lise do processo.<br \/><\/span><span style=\"color: #000000;\">&#8211; Ao preencher os dados solicitados no Formul\u00e1rio Online, dentro do Requerimento, o solicitante dever\u00e1 marcar se pretende fazer o\u00a0<strong>Pagamento da Anuidade<\/strong>\u00a0\u00e0 vista ou parcelado.<br \/><\/span><span style=\"color: #000000;\">&#8211; Dever\u00e1 marcar a forma de\u00a0<strong>Recebimento da Carteira de Identidade Profissional (CIP)<\/strong>, se deseja receber na sede do CRP-09 ou no endere\u00e7o residencial via Correios.\u00a0<\/span><\/p>\t\t\t\t\t\t\t\t<\/div>\n\t\t\t\t<div class=\"elementor-element elementor-element-d230703 elementor-widget elementor-widget-heading\" data-id=\"d230703\" data-element_type=\"widget\" data-e-type=\"widget\" data-widget_type=\"heading.default\">\n\t\t\t\t\t<h4 class=\"elementor-heading-title elementor-size-default\">OBSERVA\u00c7\u00d5ES IMPORTANTES:<\/h4>\t\t\t\t<\/div>\n\t\t\t\t<div class=\"elementor-element elementor-element-5b54763 elementor-widget elementor-widget-text-editor\" data-id=\"5b54763\" data-element_type=\"widget\" data-e-type=\"widget\" data-widget_type=\"text-editor.default\">\n\t\t\t\t\t\t\t\t\t<p>I. Processos com documenta\u00e7\u00e3o incompleta n\u00e3o seguir\u00e3o em tramita\u00e7\u00e3o. Caso isso ocorra, o requerente receber\u00e1, via e-mail, as orienta\u00e7\u00f5es dos documentos faltantes e\/ou equivocados, para que, no prazo de 10 (dez) dias \u00fateis, sejam completados e\/ou solucionados, sob pena de\u00a0<strong>indeferimento do pedido.<br \/><\/strong>II<strong>. O documento de identifica\u00e7\u00e3o apresentado n\u00e3o ser\u00e1 aceito em mau estado de conserva\u00e7\u00e3o, com prazo de validade expirado ou se n\u00e3o contiver o nome atualizado em raz\u00e3o de qualquer altera\u00e7\u00e3o. Os demais documentos apresentados dever\u00e3o estar atualizados conforme o documento de identifica\u00e7\u00e3o. Havendo altera\u00e7\u00e3o de estado civil todos os documentos dever\u00e3o ser atualizados nos \u00f3rg\u00e3os competentes (Lei 6.206\/75), mesmo se n\u00e3o houver altera\u00e7\u00e3o de nome;<br \/><\/strong>III. Caso seja apresentado o Certificado de cola\u00e7\u00e3o de grau ser\u00e1 emitida uma Carteira de Identidade Profissional Provis\u00f3ria, com\u00a0<strong>validade de 2 (dois) anos<\/strong>. Sendo assim, a Certid\u00e3o dever\u00e1 ser substitu\u00edda pelo Diploma de Forma\u00e7\u00e3o de Psic\u00f3logo no prazo de 2 (dois) anos, a partir da data de inscri\u00e7\u00e3o;<br \/>IV. Para os concluintes do curso de Psicologia, em data anterior a resolu\u00e7\u00e3o RES CNE n\u00ba 8 de 7 de maio de 2004, dever\u00e1 ser apresentado o Diploma contendo o \u201ct\u00edtulo de psic\u00f3logo\u201d ou uma declara\u00e7\u00e3o emitida pela institui\u00e7\u00e3o de ensino superior informando a realiza\u00e7\u00e3o da forma\u00e7\u00e3o de psic\u00f3logo na gradua\u00e7\u00e3o.<br \/>V.\u00a0Na hip\u00f3tese do pedido de transfer\u00eancia ser solicitado at\u00e9 31 de mar\u00e7o, a anuidade ficar\u00e1 com o Conselho Regional de Psicologia de destino, e se solicitado ap\u00f3s esta data, a anuidade ser\u00e1 devida ao Conselho Regional de Psicologia de origem, o qual poder\u00e1 renunciar ao direito de cobran\u00e7a. (Reda\u00e7\u00e3o dada pela Resolu\u00e7\u00e3o CFP n\u00ba\u00a0<a class=\"link_law\" href=\"https:\/\/atosoficiais.com.br\/crp10\/resolucao-n-1-2020-altera-os-prazos-para-pagamento-das-anuidades-referentes-ao-exercicio-de-2020-previsto-nas-resolucoes-cfp-n-0032007-no-ambito-do-conselho-regional-de-psicologia-10-regiao-para-e-amapa?origin=instituicao\" rel=\"tooltip\" data-id=\"169616\" data-ambito=\"4\" data-toggle=\"tooltip\" data-original-title=\" Data da Norma: 26.03.2020 - ALTERA OS PRAZOS PARA PAGAMENTO DAS ANUIDADES REFERENTES AO EXERC\u00cdCIO DE 2020 PREVISTO NAS RESOLU\u00c7\u00d5ES CFP N\u00ba 003\/2007. NO \u00c2MBITO DO CONSELHO REGIONAL DE PSICOLOGIA 10\u00aa REGI\u00c3O PAR\u00c1 E AMAP\u00c1.\">1<\/a>\/2012)<\/p>\t\t\t\t\t\t\t\t<\/div>\n\t\t\t\t<div class=\"elementor-element elementor-element-4a260a8 elementor-widget elementor-widget-heading\" data-id=\"4a260a8\" data-element_type=\"widget\" data-e-type=\"widget\" data-widget_type=\"heading.default\">\n\t\t\t\t\t<h5 class=\"elementor-heading-title elementor-size-default\">VI. Prazo para envio do link para acesso ao n\u00famero do CRP e para realiza\u00e7\u00e3o da coleta biom\u00e9trica para confec\u00e7\u00e3o da Carteira de Identidade Profissional de Psic\u00f3loga(o) :<\/h5>\t\t\t\t<\/div>\n\t\t\t\t<div class=\"elementor-element elementor-element-6c5ee53 elementor-widget elementor-widget-heading\" data-id=\"6c5ee53\" data-element_type=\"widget\" data-e-type=\"widget\" data-widget_type=\"heading.default\">\n\t\t\t\t\t<h4 class=\"elementor-heading-title elementor-size-default\">60 dias, a partir do cumprimento das exig\u00eancias documentais.<\/h4>\t\t\t\t<\/div>\n\t\t\t\t<div class=\"elementor-element elementor-element-5337889 elementor-widget elementor-widget-heading\" data-id=\"5337889\" data-element_type=\"widget\" data-e-type=\"widget\" data-widget_type=\"heading.default\">\n\t\t\t\t\t<h4 class=\"elementor-heading-title elementor-size-default\">VII. Prazo para confec\u00e7\u00e3o da carteira: 60 dias, contados a partir da data da coleta biom\u00e9trica.\n\n<\/h4>\t\t\t\t<\/div>\n\t\t\t\t<div class=\"elementor-element elementor-element-1ba3724 elementor-widget elementor-widget-heading\" data-id=\"1ba3724\" data-element_type=\"widget\" data-e-type=\"widget\" data-widget_type=\"heading.default\">\n\t\t\t\t\t<h6 class=\"elementor-heading-title elementor-size-default\">PARA REALIZAR A TRANSFER\u00caNCIA CLIQUE NO BOT\u00c3O ABAIXO:\n\nOBS: Antes de acessar os requerimentos online esteja com toda documenta\u00e7\u00e3o exigida digitalizada e no formato de PDF.<\/h6>\t\t\t\t<\/div>\n\t\t\t\t<div class=\"elementor-element elementor-element-9d0940e elementor-button-info elementor-align-center elementor-invisible elementor-widget elementor-widget-button\" data-id=\"9d0940e\" data-element_type=\"widget\" data-e-type=\"widget\" data-settings=\"{&quot;_animation&quot;:&quot;tada&quot;}\" data-widget_type=\"button.default\">\n\t\t\t\t\t\t\t\t\t\t<a class=\"elementor-button elementor-button-link elementor-size-sm\" href=\"https:\/\/cfpservicos.brctotal.com\/crp09_servicosonline\/pgsrequerimento\/selecionarequerimento.aspx\" target=\"_blank\">\n\t\t\t\t\t\t<span class=\"elementor-button-content-wrapper\">\n\t\t\t\t\t\t\t\t\t<span class=\"elementor-button-text\">ACESSAR OS REQUERIMENTOS ONLINE<\/span>\n\t\t\t\t\t<\/span>\n\t\t\t\t\t<\/a>\n\t\t\t\t\t\t\t\t<\/div>\n\t\t\t\t<div class=\"elementor-element elementor-element-6801383 elementor-widget elementor-widget-heading\" data-id=\"6801383\" data-element_type=\"widget\" data-e-type=\"widget\" data-widget_type=\"heading.default\">\n\t\t\t\t\t<h6 class=\"elementor-heading-title elementor-size-default\">ABAIXO CONT\u00c9M O PASSO A PASSO COM AS ORIENTA\u00c7\u00d5ES A RESPEITO DE COMO SOLICITAR UM PROCESSO NOS REQUERIMENTOS ONLINE<\/h6>\t\t\t\t<\/div>\n\t\t\t\t<div class=\"elementor-element elementor-element-45a1290 elementor-button-success elementor-align-center elementor-invisible elementor-widget elementor-widget-button\" data-id=\"45a1290\" data-element_type=\"widget\" data-e-type=\"widget\" data-settings=\"{&quot;_animation&quot;:&quot;bounce&quot;}\" data-widget_type=\"button.default\">\n\t\t\t\t\t\t\t\t\t\t<a class=\"elementor-button elementor-button-link elementor-size-sm\" href=\"https:\/\/crp09.org.br\/site\/wp-content\/uploads\/2026\/02\/COMO_SOLICITAR_UM_PROCESSO_NO_CRP-09.pdf\">\n\t\t\t\t\t\t<span class=\"elementor-button-content-wrapper\">\n\t\t\t\t\t\t\t\t\t<span class=\"elementor-button-text\">PASSO A PASSO DE COMO SOLICITAR UM PROCESSO NOS REQUERIMENTOS ONLINE<\/span>\n\t\t\t\t\t<\/span>\n\t\t\t\t\t<\/a>\n\t\t\t\t\t\t\t\t<\/div>\n\t\t\t\t<div class=\"elementor-element elementor-element-94f4e0d elementor-widget-divider--separator-type-pattern elementor-widget-divider--no-spacing elementor-widget-divider--view-line elementor-widget elementor-widget-divider\" data-id=\"94f4e0d\" data-element_type=\"widget\" data-e-type=\"widget\" data-widget_type=\"divider.default\">\n\t\t\t\t\t\t\t<div class=\"elementor-divider\" style=\"--divider-pattern-url: url(&quot;data:image\/svg+xml,%3Csvg xmlns=&#039;http:\/\/www.w3.org\/2000\/svg&#039; preserveAspectRatio=&#039;xMidYMid meet&#039; overflow=&#039;visible&#039; height=&#039;100%&#039; viewBox=&#039;0 0 126 26&#039; fill=&#039;black&#039; stroke=&#039;none&#039;%3E%3Cpath d=&#039;M10.7,6l2.5,2.6l-4,4.3l4,5.4l-2.5,1.9l-4.5-5.2l-3.9,4.2L0.7,17L4,13.1L0,8.6l2.3-1.3l3.9,3.9L10.7,6z M23.9,6.6l4.2,4.5L32,7.2l2.3,1.3l-4,4.5l3.2,3.9L32,19.1l-3.9-3.3l-4.5,4.3l-2.5-1.9l4.4-5.1l-4.2-3.9L23.9,6.6zM73.5,6L76,8.6l-4,4.3l4,5.4l-2.5,1.9l-4.5-5.2l-3.9,4.2L63.5,17l4.1-4.7L63.5,8l2.3-1.3l4.1,3.6L73.5,6z M94,6l2.5,2.6l-4,4.3l4,5.4L94,20.1l-3.9-5l-3.9,4.2L84,17l3.2-3.9L84,8.6l2.3-1.3l3.2,3.9L94,6z M106.9,6l4.5,5.1l3.9-3.9l2.3,1.3l-4,4.5l3.2,3.9l-1.6,2.1l-3.9-4.2l-4.5,5.2l-2.5-1.9l4-5.4l-4-4.3L106.9,6z M53.1,6l2.5,2.6l-4,4.3l4,4.6l-2.5,1.9l-4.5-4.5l-3.5,4.5L43.1,17l3.2-3.9l-4-4.5l2.3-1.3l3.9,3.9L53.1,6z&#039;\/%3E%3C\/svg%3E&quot;);\">\n\t\t\t<span class=\"elementor-divider-separator\">\n\t\t\t\t\t\t<\/span>\n\t\t<\/div>\n\t\t\t\t\t\t<\/div>\n\t\t\t\t\t<\/div>\n\t\t\t\t<\/div>\n\t\t\t\t<\/div>\n\t\t","protected":false},"excerpt":{"rendered":"<p>Transfer\u00eancia de Pessoa F\u00edsica para o CRP-09 A transfer\u00eancia de pessoa f\u00edsica nos CRP\u2019s \u00e9 regulamentada pela Resolu\u00e7\u00e3o CFP n.\u00ba 03\/2007 e altera\u00e7\u00f5es posteriores;A Transfer\u00eancia para o CRP-09 deve ser realizada de\u00a0forma online, no bot\u00e3o\u00a0ACESSAR OS REQUERIMENTOS ONLINE\u00a0que fica localizado ap\u00f3s as instru\u00e7\u00f5es. PARA A TRANSFER\u00caNCIA PARA O CRP-09, DEVER\u00c3O SER APRESENTADOS OS SEGUINTES DOCUMENTOS [&hellip;]<\/p>\n","protected":false},"author":1,"featured_media":0,"parent":0,"menu_order":0,"comment_status":"closed","ping_status":"closed","template":"","meta":{"footnotes":""},"class_list":["post-1097","page","type-page","status-publish","hentry"],"blocksy_meta":[],"_links":{"self":[{"href":"https:\/\/crp09.org.br\/site\/wp-json\/wp\/v2\/pages\/1097","targetHints":{"allow":["GET"]}}],"collection":[{"href":"https:\/\/crp09.org.br\/site\/wp-json\/wp\/v2\/pages"}],"about":[{"href":"https:\/\/crp09.org.br\/site\/wp-json\/wp\/v2\/types\/page"}],"author":[{"embeddable":true,"href":"https:\/\/crp09.org.br\/site\/wp-json\/wp\/v2\/users\/1"}],"replies":[{"embeddable":true,"href":"https:\/\/crp09.org.br\/site\/wp-json\/wp\/v2\/comments?post=1097"}],"version-history":[{"count":19,"href":"https:\/\/crp09.org.br\/site\/wp-json\/wp\/v2\/pages\/1097\/revisions"}],"predecessor-version":[{"id":2309,"href":"https:\/\/crp09.org.br\/site\/wp-json\/wp\/v2\/pages\/1097\/revisions\/2309"}],"wp:attachment":[{"href":"https:\/\/crp09.org.br\/site\/wp-json\/wp\/v2\/media?parent=1097"}],"curies":[{"name":"wp","href":"https:\/\/api.w.org\/{rel}","templated":true}]}}