{"id":1200,"date":"2026-03-01T00:28:45","date_gmt":"2026-03-01T03:28:45","guid":{"rendered":"https:\/\/crp09.org.br\/site\/?page_id=1200"},"modified":"2026-03-01T00:49:30","modified_gmt":"2026-03-01T03:49:30","slug":"isencao","status":"publish","type":"page","link":"https:\/\/crp09.org.br\/site\/isencao\/","title":{"rendered":"Isen\u00e7\u00e3o"},"content":{"rendered":"\t\t<div data-elementor-type=\"wp-page\" data-elementor-id=\"1200\" class=\"elementor elementor-1200\" data-elementor-post-type=\"page\">\n\t\t\t\t<div class=\"elementor-element elementor-element-90cbac1 e-flex e-con-boxed e-con e-parent\" data-id=\"90cbac1\" data-element_type=\"container\" data-e-type=\"container\">\n\t\t\t\t\t<div class=\"e-con-inner\">\n\t\t\t\t<div class=\"elementor-element elementor-element-8b848e5 elementor-widget elementor-widget-heading\" data-id=\"8b848e5\" data-element_type=\"widget\" data-e-type=\"widget\" data-widget_type=\"heading.default\">\n\t\t\t\t\t<h2 class=\"elementor-heading-title elementor-size-default\">Interrup\u00e7\u00e3o tempor\u00e1ria de pagamento de anuidade\/Isen\u00e7\u00e3o de anuidade\n<\/h2>\t\t\t\t<\/div>\n\t\t\t\t<div class=\"elementor-element elementor-element-0713d1d elementor-widget elementor-widget-text-editor\" data-id=\"0713d1d\" data-element_type=\"widget\" data-e-type=\"widget\" data-widget_type=\"text-editor.default\">\n\t\t\t\t\t\t\t\t\t<p>A Interrup\u00e7\u00e3o Tempor\u00e1ria de Pagamento de anuidade \u00e9 regulamentada pela Resolu\u00e7\u00e3o CFP n.\u00ba 03 e altera\u00e7\u00f5es posteriores;<br \/>A Interrup\u00e7\u00e3o Tempor\u00e1ria de Pagamento\/Isen\u00e7\u00e3o deve ser realizada de\u00a0<strong>forma online<\/strong>, no bot\u00e3o <span style=\"color: #0000ff;\"><strong>ACESSAR REQUERIMETO<\/strong><\/span> que fica localizado ap\u00f3s as instru\u00e7\u00f5es.<br \/>A interrup\u00e7\u00e3o tempor\u00e1ria do pagamento da anuidade ser\u00e1 concedida nos seguintes casos:<\/p><p>I.\u00a0<strong>DOEN\u00c7A<\/strong>\u00a0que impe\u00e7a o exerc\u00edcio da profiss\u00e3o por prazo superior a 30 dias de licen\u00e7a de sa\u00fade, proporcional ao tempo de tratamento, com requerimento limitado a 12 meses a partir da alta m\u00e9dica.<\/p><p>II.\u00a0<strong>VIAGEM AO EXTERIOR<\/strong>, com perman\u00eancia superior a 6 (seis) meses de aus\u00eancia do pa\u00eds, proporcional ao tempo de aus\u00eancia, com requerimento limitado a 12 meses a contar da data de retorno ao pa\u00eds.<\/p><p>&#8211; Comprove o motivo, seja por viagem ou doen\u00e7a;<br \/>&#8211; Comprove ou declare que n\u00e3o exerceu a profiss\u00e3o no per\u00edodo;<br \/>&#8211; Responsabilize-se por eventuais custos administrativos e\/ou judiciais de cobran\u00e7a.<\/p><ul><li>A interrup\u00e7\u00e3o ser\u00e1 proporcional e corresponder\u00e1 ao per\u00edodo do impedimento para o exerc\u00edcio profissional.<\/li><li>Caso o pagamento da anuidade j\u00e1 tenha sido efetuado, a import\u00e2ncia correspondente ao per\u00edodo da mesma ser\u00e1 creditada para posterior compensa\u00e7\u00e3o, proporcionalmente ao protocolo do pedido.<\/li><li>O Conselho Regional de Psicologia poder\u00e1 efetuar o cr\u00e9dito da anuidade em pec\u00fania nas hip\u00f3teses em que o psic\u00f3logo tiver a sua inscri\u00e7\u00e3o cancelada ou for beneficiado por qualquer situa\u00e7\u00e3o que o isente do pagamento da anuidade.<\/li><\/ul>\t\t\t\t\t\t\t\t<\/div>\n\t\t\t\t<div class=\"elementor-element elementor-element-8efca47 elementor-widget elementor-widget-heading\" data-id=\"8efca47\" data-element_type=\"widget\" data-e-type=\"widget\" data-widget_type=\"heading.default\">\n\t\t\t\t\t<h4 class=\"elementor-heading-title elementor-size-default\">DEVER\u00c3O SER APRESENTADOS OS SEGUINTES DOCUMENTOS (ELES DEVEM SER DIGITALIZADOS E ANEXADOS EM FORMATO PDF):<\/h4>\t\t\t\t<\/div>\n\t\t\t\t<div class=\"elementor-element elementor-element-fa97103 elementor-widget elementor-widget-text-editor\" data-id=\"fa97103\" data-element_type=\"widget\" data-e-type=\"widget\" data-widget_type=\"text-editor.default\">\n\t\t\t\t\t\t\t\t\t<p><strong>I &#8211; NO CASO DE INTERRUP\u00c7\u00c3O TEMPOR\u00c1RIA DO PAGAMENTO DE ANUIDADE POR MOTIVO DE DOEN\u00c7A:<br \/><\/strong><strong>\u00a0 \u00a01.<\/strong>\u00a0Requerimento de Interrup\u00e7\u00e3o Tempor\u00e1ria do Pagamento de Anuidade por Motivo de Doen\u00e7a (fornecido pelo CRP-09<strong>\u00a0<a href=\"https:\/\/crp09.org.br\/site\/wp-content\/uploads\/2026\/03\/ANEXO01_REQUERIMENTO_DE_INTERRUPCAO_ANUIDADE_POR_MOTIVO_DE_DOENCA.pdf\" target=\"_blank\" rel=\"noopener\">clicando aqui<\/a><\/strong>);<br \/><strong>\u00a0 \u00a02.<\/strong>\u00a0Carteira de Identidade Profissional de Psic\u00f3logo;<br \/><strong>\u00a0 \u00a03.<\/strong>\u00a0Atestado de profissional de sa\u00fade, constando o prazo prov\u00e1vel de tratamento ou per\u00edodo de afastamento laboral, bem como o nome completo do profissional e o respectivo n\u00famero de inscri\u00e7\u00e3o no conselho de classe;<\/p>\t\t\t\t\t\t\t\t<\/div>\n\t\t\t\t<div class=\"elementor-element elementor-element-23325b5 elementor-widget elementor-widget-text-editor\" data-id=\"23325b5\" data-element_type=\"widget\" data-e-type=\"widget\" data-widget_type=\"text-editor.default\">\n\t\t\t\t\t\t\t\t\t<p><strong>II &#8211; NO CASO INTERRUP\u00c7\u00c3O TEMPOR\u00c1RIA DO PAGAMENTO DE ANUIDADE POR MOTIVO DE VIAGEM AO EXTERIOR:<\/strong><\/p><p><strong>\u00a0 \u00a01<\/strong>.\u00a0Requerimento de Interrup\u00e7\u00e3o Tempor\u00e1ria do Pagamento de Anuidade por Motivo de Viagem Ao Exterior (fornecido pelo CRP-09\u00a0<a href=\"https:\/\/crp09.org.br\/site\/wp-content\/uploads\/2026\/03\/ANEXO02_REQUERIMENTODE_INTERRUPCAO_ANUIDADE_POR_MOTIVO_DE_VIAGEM_AO_EXTERIOR.pdf\" target=\"_blank\" rel=\"noopener\"><strong>clicando aqui<\/strong><\/a>);<br \/><strong>\u00a0 \u00a02<\/strong>.\u00a0Carteira de Identidade Profissional de Psic\u00f3logo;<br \/><strong>\u00a0 \u00a03<\/strong>.\u00a0Documentos que comprovem o per\u00edodo de perman\u00eancia no exterior: passaporte, passagens a\u00e9reas, comprovante de embarque, comprovante de resid\u00eancia, trabalho ou estudo no exterior etc.<\/p><p style=\"text-align: center;\"><span style=\"color: #00ccff;\"><strong>OBSERVA\u00c7\u00d5ES IMPORTANTES:<\/strong><\/span><br \/><strong>I<\/strong>.\u00a0Processos com documenta\u00e7\u00e3o incompleta n\u00e3o seguir\u00e3o em tramita\u00e7\u00e3o. Caso isso ocorra, o requerente receber\u00e1, via e-mail, as orienta\u00e7\u00f5es dos documentos faltantes e\/ou equivocados, para que, no prazo de 10 (dez) dias \u00fateis, sejam completados e\/ou solucionados, sob pena de\u00a0<strong>indeferimento do pedido<\/strong>.<br \/><strong>II<\/strong>.\u00a0Documento em l\u00edngua estrangeira somente ser\u00e1 aceito mediante apresenta\u00e7\u00e3o de sua tradu\u00e7\u00e3o p\u00fablica;<br \/><strong>III<\/strong>.\u00a0Caso o motivo que impedia o exerc\u00edcio da profiss\u00e3o cesse durante a vig\u00eancia do prazo concedido, o benefici\u00e1rio dever\u00e1 regularizar a sua situa\u00e7\u00e3o no CRP 09 antes de reiniciar suas atividades, mediante comunica\u00e7\u00e3o e pagamento da anuidade proporcional, de acordo com a tabela em vigor;<br \/><strong>IV. O prazo para conclus\u00e3o do processo \u00e9 30 dias, a partir do cumprimento das exig\u00eancias documentais.\u00a0<\/strong><\/p>\t\t\t\t\t\t\t\t<\/div>\n\t\t\t\t<div class=\"elementor-element elementor-element-9a88e02 elementor-widget elementor-widget-text-editor\" data-id=\"9a88e02\" data-element_type=\"widget\" data-e-type=\"widget\" data-widget_type=\"text-editor.default\">\n\t\t\t\t\t\t\t\t\t<p><strong>III &#8211; ISEN\u00c7\u00c3O DE ANUIDADE POR DOEN\u00c7A<\/strong><\/p><p>A isen\u00e7\u00e3o do pagamento de anuidade \u00e9 regulamentada pela Resolu\u00e7\u00e3o CFP n.\u00ba 03 e altera\u00e7\u00f5es posteriores;<\/p><p>Os Conselhos Regionais de Psicologia poder\u00e3o isentar os psic\u00f3logos do pagamento de anuidades aos acometidos de tuberculose ativa, aliena\u00e7\u00e3o mental, esclerose m\u00faltipla, neoplasia maligna, cegueira, hansen\u00edase, paralisia irrevers\u00edvel e incapacitante, cardiopatia grave, doen\u00e7a de Parkinson, espondiloartrose anquilosante, nefropatia grave, estados avan\u00e7ados da doen\u00e7a de Paget (oste\u00edte deformante), contamina\u00e7\u00e3o por radia\u00e7\u00e3o, s\u00edndrome da imunodefici\u00eancia adquirida (Aids), hepatopatia grave e fibrose c\u00edstica (mucoviscidose), e outras doen\u00e7as que venham a ser alcan\u00e7adas pela legisla\u00e7\u00e3o do imposto de renda.<\/p><p>Para efeito de reconhecimento de isen\u00e7\u00e3o, a doen\u00e7a deve ser comprovada mediante<strong>\u00a0laudo pericial<\/strong>\u00a0emitido por\u00a0profissional devidamente registrado no CRP ou CRM, devendo ser fixado o\u00a0<strong>prazo de validade\u00a0<\/strong>do laudo pericial, psicol\u00f3gico ou m\u00e9dico, no caso de doen\u00e7as\u00a0<strong>pass\u00edveis de controle<\/strong>.<\/p><h6><span style=\"color: #3366ff;\"><strong>DEVER\u00c3O SER APRESENTADOS OS SEGUINTES DOCUMENTOS (ELES DEVEM SER DIGITALIZADOS E ANEXADOS EM FORMATO PDF):<\/strong><\/span><\/h6><p><strong>\u00a0 \u00a01<\/strong>.\u00a0Requerimento de Isen\u00e7\u00e3o de Anuidade &#8211; Por Motivo de Doen\u00e7a (fornecido pelo CRP-09\u00a0<strong><a href=\"https:\/\/crp09.org.br\/site\/wp-content\/uploads\/2026\/03\/ANEXO01_REQUERIMENTO_DE_ISENcaO_DE_ANUIDADE_-_POR_MOTIVO_DE_DO.pdf\" target=\"_blank\" rel=\"noopener\">clicando aqui<\/a><\/strong>);<br \/><strong>\u00a0 \u00a02<\/strong>.\u00a0Carteira de Identidade Profissional de Psic\u00f3logo;<br \/><strong>\u00a0 \u00a03<\/strong>.\u00a0Laudo Pericial emitido por profissional devidamente registrado no CRP ou CRM devendo ser fixado o prazo de validade do laudo pericial, no caso de doen\u00e7as pass\u00edveis de controle;<\/p><p style=\"text-align: center;\"><span style=\"color: #3366ff;\"><strong>OBSERVA\u00c7\u00d5ES IMPORTANTES:<\/strong><\/span><br \/><strong>I<\/strong>.\u00a0Processos com documenta\u00e7\u00e3o incompleta n\u00e3o seguir\u00e3o em tramita\u00e7\u00e3o. Caso isso ocorra, o requerente receber\u00e1, via e-mail, as orienta\u00e7\u00f5es dos documentos faltantes e\/ou equivocados, para que, no prazo de 10 (dez) dias \u00fateis, sejam completados e\/ou solucionados, sob pena de<strong>\u00a0indeferimento do pedido<\/strong>.<br \/><strong>II<\/strong>.\u00a0Documento em l\u00edngua estrangeira somente ser\u00e1 aceito mediante apresenta\u00e7\u00e3o de sua tradu\u00e7\u00e3o p\u00fablica;<br \/><strong>III. O prazo para conclus\u00e3o do processo \u00e9 60 dias, a partir do cumprimento das exig\u00eancias documentais.<\/strong><\/p>\t\t\t\t\t\t\t\t<\/div>\n\t\t\t\t<div class=\"elementor-element elementor-element-f510835 elementor-widget elementor-widget-text-editor\" data-id=\"f510835\" data-element_type=\"widget\" data-e-type=\"widget\" data-widget_type=\"text-editor.default\">\n\t\t\t\t\t\t\t\t\t<p><strong>IV-ISEN\u00c7\u00c3O DE ANUIDADE POR LICEN\u00c7A MATERNIDADE<\/strong><\/p><p><strong><span style=\"color: #ff0000;\">ATEN\u00c7\u00c3O:<\/span><\/strong><br \/><strong><span style=\"color: #ff0000;\">O BENEF\u00cdCIO \u00c9 V\u00c1LIDO SOMENTE PARA NASCIMENTOS OU ADO\u00c7\u00d5ES A PARTIR DE 1\u00ba DE JANEIRO DE 2024!<\/span><\/strong><\/p><p>A isen\u00e7\u00e3o do pagamento de anuidade por Licen\u00e7a Maternidade, bem como nos casos de ado\u00e7\u00e3o previstos na Lei de Benef\u00edcios da Previd\u00eancia Social, \u00e9 regulamentada pela Resolu\u00e7\u00e3o CFP n.\u00ba 20\/2018 (e altera\u00e7\u00f5es posteriores), com requerimento limitado a at\u00e9 12 meses do nascimento ou da ado\u00e7\u00e3o.<\/p><p><strong>DEVER\u00c3O SER APRESENTADOS OS SEGUINTES DOCUMENTOS (ELES DEVEM SER DIGITALIZADOS E ANEXADOS EM FORMATO PDF):<\/strong><\/p><p><strong>1<\/strong>.\u00a0Requerimento de Isen\u00e7\u00e3o de Anuidade &#8211; Por Licen\u00e7a Maternidade (fornecido pelo CRP-09<strong>\u00a0<a href=\"https:\/\/crp09.org.br\/site\/wp-content\/uploads\/2026\/03\/ISENCAO_DE_ANUIDADE_POR_LICENCA_MATERNIDADE.pdf\" target=\"_blank\" rel=\"noopener\">clicando aqui<\/a><\/strong>);<br \/><strong>2<\/strong>.\u00a0Carteira de Identidade Profissional de Psic\u00f3logo;<br \/><strong>3<\/strong>.\u00a0Certid\u00e3o de Nascimento da crian\u00e7a.<\/p><p><strong>OBSERVA\u00c7\u00d5ES IMPORTANTES:<\/strong><br \/><strong>I<\/strong>.\u00a0Processos com documenta\u00e7\u00e3o incompleta n\u00e3o seguir\u00e3o em tramita\u00e7\u00e3o. Caso isso ocorra, o requerente receber\u00e1, via e-mail, as orienta\u00e7\u00f5es dos documentos faltantes e\/ou equivocados, para que, no prazo de 10 (dez) dias \u00fateis, sejam completados e\/ou solucionados, sob pena de<strong>\u00a0indeferimento do pedido<\/strong>.<br \/><strong>II<\/strong>.\u00a0Documento em l\u00edngua estrangeira somente ser\u00e1 aceito mediante apresenta\u00e7\u00e3o de sua tradu\u00e7\u00e3o p\u00fablica;<br \/><strong>III. O prazo para conclus\u00e3o do processo \u00e9 60 dias, a partir do cumprimento das exig\u00eancias documentais.<\/strong><\/p>\t\t\t\t\t\t\t\t<\/div>\n\t\t\t\t<div class=\"elementor-element elementor-element-1595d84 elementor-widget elementor-widget-heading\" data-id=\"1595d84\" data-element_type=\"widget\" data-e-type=\"widget\" data-widget_type=\"heading.default\">\n\t\t\t\t\t<h5 class=\"elementor-heading-title elementor-size-default\">PARA REALIZAR A INTERRUP\u00c7\u00c3O TEMPOR\u00c1RIA DE PAGAMENTO DA ANUIDADE OU ISEN\u00c7\u00c3O DE PAGAMENTO DA ANUIDADE CLIQUE NO BOT\u00c3O ABAIXO:<\/h5>\t\t\t\t<\/div>\n\t\t\t\t<div class=\"elementor-element elementor-element-ac85c2c elementor-widget elementor-widget-text-editor\" data-id=\"ac85c2c\" data-element_type=\"widget\" data-e-type=\"widget\" data-widget_type=\"text-editor.default\">\n\t\t\t\t\t\t\t\t\t<h6><span style=\"color: #ff0000;\">OBS:\u00a0<strong>Antes de acessar<\/strong>\u00a0o requerimento online esteja com toda documenta\u00e7\u00e3o exigida digitalizada e no formato de PDF.<\/span><\/h6><p><strong>No caso de n\u00e3o possuir senha ou de esquecimento de senha<\/strong>, dentro do Requerimento clique em ESQUECI MINHA SENHA e preencha os dados solicitados. Assim, a nova senha ser\u00e1 encaminhada ao e-mail do profissional que consta no banco de dados do CRP-09.<\/p>\t\t\t\t\t\t\t\t<\/div>\n\t\t\t\t<div class=\"elementor-element elementor-element-f32bc3c elementor-button-info elementor-align-center e-transform elementor-invisible elementor-widget elementor-widget-button\" data-id=\"f32bc3c\" data-element_type=\"widget\" data-e-type=\"widget\" data-settings=\"{&quot;_animation&quot;:&quot;wobble&quot;,&quot;_transform_scale_effect_hover&quot;:{&quot;unit&quot;:&quot;px&quot;,&quot;size&quot;:1.2,&quot;sizes&quot;:[]},&quot;_transform_scale_effect_hover_tablet&quot;:{&quot;unit&quot;:&quot;px&quot;,&quot;size&quot;:&quot;&quot;,&quot;sizes&quot;:[]},&quot;_transform_scale_effect_hover_mobile&quot;:{&quot;unit&quot;:&quot;px&quot;,&quot;size&quot;:&quot;&quot;,&quot;sizes&quot;:[]}}\" data-widget_type=\"button.default\">\n\t\t\t\t\t\t\t\t\t\t<a class=\"elementor-button elementor-button-link elementor-size-sm\" href=\"https:\/\/cfpservicos.brctotal.com\/crp09_servicosonline\/pgsrequerimento\/selecionarequerimento.aspx\">\n\t\t\t\t\t\t<span class=\"elementor-button-content-wrapper\">\n\t\t\t\t\t\t\t\t\t<span class=\"elementor-button-text\">CLIQUE AQUI PARA ACESSAR O REQUERIMENTO<\/span>\n\t\t\t\t\t<\/span>\n\t\t\t\t\t<\/a>\n\t\t\t\t\t\t\t\t<\/div>\n\t\t\t\t<div class=\"elementor-element elementor-element-4d05dc8 elementor-widget-divider--separator-type-pattern elementor-widget-divider--no-spacing elementor-widget-divider--view-line elementor-widget elementor-widget-divider\" data-id=\"4d05dc8\" data-element_type=\"widget\" data-e-type=\"widget\" data-widget_type=\"divider.default\">\n\t\t\t\t\t\t\t<div class=\"elementor-divider\" style=\"--divider-pattern-url: url(&quot;data:image\/svg+xml,%3Csvg xmlns=&#039;http:\/\/www.w3.org\/2000\/svg&#039; preserveAspectRatio=&#039;xMidYMid meet&#039; overflow=&#039;visible&#039; height=&#039;100%&#039; viewBox=&#039;0 0 126 26&#039; fill=&#039;black&#039; stroke=&#039;none&#039;%3E%3Cpath d=&#039;M3,10.2c2.6,0,2.6,2,2.6,3.2S4.4,16.5,3,16.5s-3-1.4-3-3.2S0.4,10.2,3,10.2z M18.8,10.2c1.7,0,3.2,1.4,3.2,3.2s-1.4,3.2-3.2,3.2c-1.7,0-3.2-1.4-3.2-3.2S17,10.2,18.8,10.2z M34.6,10.2c1.5,0,2.6,1.4,2.6,3.2s-0.5,3.2-1.9,3.2c-1.5,0-3.4-1.4-3.4-3.2S33.1,10.2,34.6,10.2z M50.5,10.2c1.7,0,3.2,1.4,3.2,3.2s-1.4,3.2-3.2,3.2c-1.7,0-3.3-0.9-3.3-2.6S48.7,10.2,50.5,10.2z M66.2,10.2c1.5,0,3.4,1.4,3.4,3.2s-1.9,3.2-3.4,3.2c-1.5,0-2.6-0.4-2.6-2.1S64.8,10.2,66.2,10.2z M82.2,10.2c1.7,0.8,2.6,1.4,2.6,3.2s-0.1,3.2-1.6,3.2c-1.5,0-3.7-1.4-3.7-3.2S80.5,9.4,82.2,10.2zM98.6,10.2c1.5,0,2.6,0.4,2.6,2.1s-1.2,4.2-2.6,4.2c-1.5,0-3.7-0.4-3.7-2.1S97.1,10.2,98.6,10.2z M113.4,10.2c1.2,0,2.2,0.9,2.2,3.2s-0.1,3.2-1.3,3.2s-3.1-1.4-3.1-3.2S112.2,10.2,113.4,10.2z&#039;\/%3E%3C\/svg%3E&quot;);\">\n\t\t\t<span class=\"elementor-divider-separator\">\n\t\t\t\t\t\t<\/span>\n\t\t<\/div>\n\t\t\t\t\t\t<\/div>\n\t\t\t\t\t<\/div>\n\t\t\t\t<\/div>\n\t\t\t\t<\/div>\n\t\t","protected":false},"excerpt":{"rendered":"<p>Interrup\u00e7\u00e3o tempor\u00e1ria de pagamento de anuidade\/Isen\u00e7\u00e3o de anuidade A Interrup\u00e7\u00e3o Tempor\u00e1ria de Pagamento de anuidade \u00e9 regulamentada pela Resolu\u00e7\u00e3o CFP n.\u00ba 03 e altera\u00e7\u00f5es posteriores;A Interrup\u00e7\u00e3o Tempor\u00e1ria de Pagamento\/Isen\u00e7\u00e3o deve ser realizada de\u00a0forma online, no bot\u00e3o ACESSAR REQUERIMETO que fica localizado ap\u00f3s as instru\u00e7\u00f5es.A interrup\u00e7\u00e3o tempor\u00e1ria do pagamento da anuidade ser\u00e1 concedida nos seguintes casos: [&hellip;]<\/p>\n","protected":false},"author":1,"featured_media":0,"parent":0,"menu_order":0,"comment_status":"closed","ping_status":"closed","template":"","meta":{"footnotes":""},"class_list":["post-1200","page","type-page","status-publish","hentry"],"blocksy_meta":[],"_links":{"self":[{"href":"https:\/\/crp09.org.br\/site\/wp-json\/wp\/v2\/pages\/1200","targetHints":{"allow":["GET"]}}],"collection":[{"href":"https:\/\/crp09.org.br\/site\/wp-json\/wp\/v2\/pages"}],"about":[{"href":"https:\/\/crp09.org.br\/site\/wp-json\/wp\/v2\/types\/page"}],"author":[{"embeddable":true,"href":"https:\/\/crp09.org.br\/site\/wp-json\/wp\/v2\/users\/1"}],"replies":[{"embeddable":true,"href":"https:\/\/crp09.org.br\/site\/wp-json\/wp\/v2\/comments?post=1200"}],"version-history":[{"count":19,"href":"https:\/\/crp09.org.br\/site\/wp-json\/wp\/v2\/pages\/1200\/revisions"}],"predecessor-version":[{"id":1244,"href":"https:\/\/crp09.org.br\/site\/wp-json\/wp\/v2\/pages\/1200\/revisions\/1244"}],"wp:attachment":[{"href":"https:\/\/crp09.org.br\/site\/wp-json\/wp\/v2\/media?parent=1200"}],"curies":[{"name":"wp","href":"https:\/\/api.w.org\/{rel}","templated":true}]}}