{"id":1273,"date":"2026-03-01T01:23:12","date_gmt":"2026-03-01T04:23:12","guid":{"rendered":"https:\/\/crp09.org.br\/site\/?page_id=1273"},"modified":"2026-03-01T01:54:41","modified_gmt":"2026-03-01T04:54:41","slug":"2a-via-carteira-profissional","status":"publish","type":"page","link":"https:\/\/crp09.org.br\/site\/2a-via-carteira-profissional\/","title":{"rendered":"2\u00aa via Carteira Profissional"},"content":{"rendered":"\t\t<div data-elementor-type=\"wp-page\" data-elementor-id=\"1273\" class=\"elementor elementor-1273\" data-elementor-post-type=\"page\">\n\t\t\t\t<div class=\"elementor-element elementor-element-dc2caec e-flex e-con-boxed e-con e-parent\" data-id=\"dc2caec\" data-element_type=\"container\" data-e-type=\"container\">\n\t\t\t\t\t<div class=\"e-con-inner\">\n\t\t<div class=\"elementor-element elementor-element-d9652b3 e-con-full e-flex e-con e-child\" data-id=\"d9652b3\" data-element_type=\"container\" data-e-type=\"container\">\n\t\t\t\t<div class=\"elementor-element elementor-element-2de9275 elementor-widget elementor-widget-heading\" data-id=\"2de9275\" data-element_type=\"widget\" data-e-type=\"widget\" data-widget_type=\"heading.default\">\n\t\t\t\t\t<h2 class=\"elementor-heading-title elementor-size-default\">2\u00aa Via da Carteira de Identidade Profissional<\/h2>\t\t\t\t<\/div>\n\t\t\t\t<div class=\"elementor-element elementor-element-e2a4879 elementor-widget elementor-widget-text-editor\" data-id=\"e2a4879\" data-element_type=\"widget\" data-e-type=\"widget\" data-widget_type=\"text-editor.default\">\n\t\t\t\t\t\t\t\t\t<p>A 2\u00aa via da Carteira de Identidade Profissional \u00e9 regulamentada pela Resolu\u00e7\u00e3o CFP n.\u00ba 03 e altera\u00e7\u00f5es posteriores;<\/p><p>A solicita\u00e7\u00e3o dever\u00e1 ser realizada de <strong>forma online<\/strong>, no bot\u00e3o <span style=\"color: #3366ff;\"><strong>ACESSAR REQUERIMENTO<\/strong><\/span> que fica localizado <strong>ap\u00f3s as instru\u00e7\u00f5es<\/strong>.<\/p>\t\t\t\t\t\t\t\t<\/div>\n\t\t\t\t<div class=\"elementor-element elementor-element-bd3e8ba elementor-widget elementor-widget-heading\" data-id=\"bd3e8ba\" data-element_type=\"widget\" data-e-type=\"widget\" data-widget_type=\"heading.default\">\n\t\t\t\t\t<h2 class=\"elementor-heading-title elementor-size-default\">DEVER\u00c3O SER APRESENTADOS OS SEGUINTES DOCUMENTOS (ELES DEVEM SER DIGITALIZADOS E ANEXADOS EM FORMATO PDF):<\/h2>\t\t\t\t<\/div>\n\t\t\t\t<div class=\"elementor-element elementor-element-a4717b1 elementor-widget elementor-widget-text-editor\" data-id=\"a4717b1\" data-element_type=\"widget\" data-e-type=\"widget\" data-widget_type=\"text-editor.default\">\n\t\t\t\t\t\t\t\t\t<p><span style=\"color: #3366ff;\"><strong>1.<\/strong><\/span> Carteira de Identidade Profissional (CIP);<br \/><span style=\"color: #3366ff;\"><strong>2<\/strong><\/span>. No caso de perda\/extravio da CIP dever\u00e1 ser apresentado o Boletim de Ocorr\u00eancia (BO) constando a data em que a CIP foi extraviada;<br \/><span style=\"color: #3366ff;\"><strong>3.<\/strong><\/span> Documento de Identidade (preferencialmente o RG);<br \/><span style=\"color: #3366ff;\"><strong>4.<\/strong><\/span> Caso haja altera\u00e7\u00e3o de algum dado informado ao Conselho, dever\u00e1 ser apresentado o documento que comprove a altera\u00e7\u00e3o, original ou c\u00f3pia autenticada em cart\u00f3rio. No caso de altera\u00e7\u00e3o de estado civil e nome dever\u00e1 ser apresentado o RG atualizado e o Comprovante de Situa\u00e7\u00e3o Cadastral junto ao CPF como o nome atualizado. O comprovante pode ser emitido <a href=\"https:\/\/servicos.receita.fazenda.gov.br\/servicos\/cpf\/consultasituacao\/consultapublica.asp\" target=\"_blank\" rel=\"noopener\"><span style=\"color: #3366ff;\"><strong>clicando aqui<\/strong><\/span><\/a>;<\/p>\t\t\t\t\t\t\t\t<\/div>\n\t\t\t\t<div class=\"elementor-element elementor-element-d6f067a elementor-widget elementor-widget-heading\" data-id=\"d6f067a\" data-element_type=\"widget\" data-e-type=\"widget\" data-widget_type=\"heading.default\">\n\t\t\t\t\t<h2 class=\"elementor-heading-title elementor-size-default\">ATEN\u00c7\u00c3O:<\/h2>\t\t\t\t<\/div>\n\t\t\t\t<div class=\"elementor-element elementor-element-49b1c1a elementor-widget elementor-widget-text-editor\" data-id=\"49b1c1a\" data-element_type=\"widget\" data-e-type=\"widget\" data-widget_type=\"text-editor.default\">\n\t\t\t\t\t\t\t\t\t<p>&#8211; Ap\u00f3s a an\u00e1lise processual, ser\u00e1 emitido o boleto (taxa de emiss\u00e3o de CIP: <strong>R$ 100,43<\/strong>) a ser pago, no qual ser\u00e1 encaminhado via e-mail para o requerente. Pedimos que AGUARDE o envio do boleto, pois ser\u00e1 encaminhado somente ap\u00f3s a an\u00e1lise do processo.<\/p><p>&#8211; Ao preencher os dados solicitados no Formul\u00e1rio Online, dentro do Requerimento, o solicitante dever\u00e1 marcar a forma de Recebimento da <strong>Carteira de Identidade Profissional (CIP)<\/strong>, se deseja receber na sede do CRP-09 ou no endere\u00e7o residencial via Correios.<\/p><p><span style=\"color: #3366ff;\"><strong>OBSERVA\u00c7\u00d5ES IMPORTANTES:<br \/><\/strong><\/span><\/p><p>I. Processos com documenta\u00e7\u00e3o incompleta n\u00e3o seguir\u00e3o em tramita\u00e7\u00e3o. Caso isso ocorra, o requerente receber\u00e1, via e-mail, as orienta\u00e7\u00f5es dos documentos faltantes e\/ou equivocados, para que, no prazo de 10 (dez) dias \u00fateis, sejam completados e\/ou solucionados, sob pena de <strong>indeferimento do pedido<\/strong>;<\/p><p><span style=\"color: #ff0000;\"><strong>II. Prazo para envio do link para realiza\u00e7\u00e3o da coleta biom\u00e9trica para confec\u00e7\u00e3o da Carteira de Identidade Profissional de Psic\u00f3loga(o):<\/strong><\/span><strong> 40 dias, a partir do cumprimento das exig\u00eancias documentais.<\/strong><\/p><p><strong><span style=\"color: #0000ff;\">III. Prazo para confec\u00e7\u00e3o da carteira: 60 dias, contados a partir da data da coleta biom\u00e9trica.<\/span><\/strong><\/p><p><span style=\"color: #3366ff;\"><strong>PARA REALIZAR A 2\u00b0 VIA DE CIP CLIQUE NO BOT\u00c3O ABAIXO:<\/strong><\/span><\/p><p><span style=\"color: #3366ff;\"><strong>OBS: Antes de acessar<\/strong> o requerimento online esteja com toda documenta\u00e7\u00e3o exigida digitalizada e no formato de PDF.<\/span><\/p><p><span style=\"color: #3366ff;\">No caso de <strong>n\u00e3o possuir senha<\/strong> ou de esquecimento de senha, dentro do Requerimento clique em ESQUECI MINHA SENHA e preencha os dados solicitados. Assim, a nova senha ser\u00e1 encaminhada ao e-mail do profissional, que consta no banco de dados do CRP-09.<\/span><\/p>\t\t\t\t\t\t\t\t<\/div>\n\t\t\t\t<div class=\"elementor-element elementor-element-c7bee5b elementor-align-center elementor-widget elementor-widget-button\" data-id=\"c7bee5b\" data-element_type=\"widget\" data-e-type=\"widget\" data-widget_type=\"button.default\">\n\t\t\t\t\t\t\t\t\t\t<a class=\"elementor-button elementor-button-link elementor-size-sm\" href=\"https:\/\/cfpservicos.brctotal.com\/crp09_servicosonline\/AreaInscrito\/Login\/Login.aspx\" target=\"_blank\">\n\t\t\t\t\t\t<span class=\"elementor-button-content-wrapper\">\n\t\t\t\t\t\t\t\t\t<span class=\"elementor-button-text\">  CLIQUE AQUI PARA ACESSAR O REQUERIMENTO<\/span>\n\t\t\t\t\t<\/span>\n\t\t\t\t\t<\/a>\n\t\t\t\t\t\t\t\t<\/div>\n\t\t\t\t<div class=\"elementor-element elementor-element-2ffa7c2 elementor-widget elementor-widget-heading\" data-id=\"2ffa7c2\" data-element_type=\"widget\" data-e-type=\"widget\" data-widget_type=\"heading.default\">\n\t\t\t\t\t<h2 class=\"elementor-heading-title elementor-size-default\">ABAIXO CONT\u00c9M O PASSO A PASSO COM AS ORIENTA\u00c7\u00d5ES A RESPEITO DE COMO SOLICITAR UM PROCESSO NOS REQUERIMENTOS ONLINE:<\/h2>\t\t\t\t<\/div>\n\t\t\t\t<div class=\"elementor-element elementor-element-ce2bbad elementor-align-center elementor-widget elementor-widget-button\" data-id=\"ce2bbad\" data-element_type=\"widget\" data-e-type=\"widget\" data-widget_type=\"button.default\">\n\t\t\t\t\t\t\t\t\t\t<a class=\"elementor-button elementor-button-link elementor-size-sm\" href=\"https:\/\/crp09.org.br\/site\/wp-content\/uploads\/2026\/03\/COMO_SOLICITAR_UM_PROCESSO_NO_CRP-09.pdf\" target=\"_blank\">\n\t\t\t\t\t\t<span class=\"elementor-button-content-wrapper\">\n\t\t\t\t\t\t\t\t\t<span class=\"elementor-button-text\">PASSO A PASSO DE COMO SOLICITAR UM PROCESSO NOS REQUERIMENTOS ONLINE<\/span>\n\t\t\t\t\t<\/span>\n\t\t\t\t\t<\/a>\n\t\t\t\t\t\t\t\t<\/div>\n\t\t\t\t<\/div>\n\t\t\t\t\t<\/div>\n\t\t\t\t<\/div>\n\t\t\t\t<\/div>\n\t\t","protected":false},"excerpt":{"rendered":"<p>2\u00aa Via da Carteira de Identidade Profissional A 2\u00aa via da Carteira de Identidade Profissional \u00e9 regulamentada pela Resolu\u00e7\u00e3o CFP n.\u00ba 03 e altera\u00e7\u00f5es posteriores; A solicita\u00e7\u00e3o dever\u00e1 ser realizada de forma online, no bot\u00e3o ACESSAR REQUERIMENTO que fica localizado ap\u00f3s as instru\u00e7\u00f5es. DEVER\u00c3O SER APRESENTADOS OS SEGUINTES DOCUMENTOS (ELES DEVEM SER DIGITALIZADOS E ANEXADOS [&hellip;]<\/p>\n","protected":false},"author":2,"featured_media":0,"parent":0,"menu_order":0,"comment_status":"closed","ping_status":"closed","template":"","meta":{"footnotes":""},"class_list":["post-1273","page","type-page","status-publish","hentry"],"blocksy_meta":[],"_links":{"self":[{"href":"https:\/\/crp09.org.br\/site\/wp-json\/wp\/v2\/pages\/1273","targetHints":{"allow":["GET"]}}],"collection":[{"href":"https:\/\/crp09.org.br\/site\/wp-json\/wp\/v2\/pages"}],"about":[{"href":"https:\/\/crp09.org.br\/site\/wp-json\/wp\/v2\/types\/page"}],"author":[{"embeddable":true,"href":"https:\/\/crp09.org.br\/site\/wp-json\/wp\/v2\/users\/2"}],"replies":[{"embeddable":true,"href":"https:\/\/crp09.org.br\/site\/wp-json\/wp\/v2\/comments?post=1273"}],"version-history":[{"count":20,"href":"https:\/\/crp09.org.br\/site\/wp-json\/wp\/v2\/pages\/1273\/revisions"}],"predecessor-version":[{"id":1387,"href":"https:\/\/crp09.org.br\/site\/wp-json\/wp\/v2\/pages\/1273\/revisions\/1387"}],"wp:attachment":[{"href":"https:\/\/crp09.org.br\/site\/wp-json\/wp\/v2\/media?parent=1273"}],"curies":[{"name":"wp","href":"https:\/\/api.w.org\/{rel}","templated":true}]}}