{"id":1683,"date":"2026-03-02T17:01:21","date_gmt":"2026-03-02T20:01:21","guid":{"rendered":"https:\/\/crp09.org.br\/site\/?page_id=1683"},"modified":"2026-03-02T21:10:23","modified_gmt":"2026-03-03T00:10:23","slug":"prorrogacao-do-prazo-de-apresentacao-do-diploma","status":"publish","type":"page","link":"https:\/\/crp09.org.br\/site\/prorrogacao-do-prazo-de-apresentacao-do-diploma\/","title":{"rendered":"Prorroga\u00e7\u00e3o do prazo de apresenta\u00e7\u00e3o do diploma"},"content":{"rendered":"\t\t<div data-elementor-type=\"wp-page\" data-elementor-id=\"1683\" class=\"elementor elementor-1683\" data-elementor-post-type=\"page\">\n\t\t\t\t<div class=\"elementor-element elementor-element-cdc2698 e-flex e-con-boxed e-con e-parent\" data-id=\"cdc2698\" data-element_type=\"container\" data-e-type=\"container\">\n\t\t\t\t\t<div class=\"e-con-inner\">\n\t\t\t\t<div class=\"elementor-element elementor-element-14720c6 elementor-widget elementor-widget-heading\" data-id=\"14720c6\" data-element_type=\"widget\" data-e-type=\"widget\" data-widget_type=\"heading.default\">\n\t\t\t\t\t<h2 class=\"elementor-heading-title elementor-size-default\">Prorroga\u00e7\u00e3o do prazo de apresenta\u00e7\u00e3o do diploma<\/h2>\t\t\t\t<\/div>\n\t\t\t\t\t<\/div>\n\t\t\t\t<\/div>\n\t\t<div class=\"elementor-element elementor-element-211da02 e-flex e-con-boxed e-con e-parent\" data-id=\"211da02\" data-element_type=\"container\" data-e-type=\"container\">\n\t\t\t\t\t<div class=\"e-con-inner\">\n\t\t\t\t<div class=\"elementor-element elementor-element-6b8a4ff elementor-widget elementor-widget-text-editor\" data-id=\"6b8a4ff\" data-element_type=\"widget\" data-e-type=\"widget\" data-widget_type=\"text-editor.default\">\n\t\t\t\t\t\t\t\t\t<p>A prorroga\u00e7\u00e3o do prazo de apresenta\u00e7\u00e3o do diploma nos CRP\u2019s \u00e9 regulamentada pela Resolu\u00e7\u00e3o CFP n.\u00ba 03\/2007(alterada pela Resolu\u00e7\u00e3o CFP n.\u00ba 08\/2008, 01\/2012 e 45\/2012).<\/p><p>A prorroga\u00e7\u00e3o do prazo de apresenta\u00e7\u00e3o do diploma de<strong> forma online<\/strong>, no bot\u00e3o <span style=\"color: #3366ff;\"><strong>ACESSAR OS REQUERIMENTOS ONLINE<\/strong><\/span> que fica localizado <strong>ap\u00f3s as instru\u00e7\u00f5es<\/strong>.<br \/>As inscri\u00e7\u00f5es realizadas com certificado de cola\u00e7\u00e3o de grau ter\u00e3o car\u00e1ter provis\u00f3rio, sendo assim identificadas em todos os documentos.<br \/>A carteira de identidade relativa \u00e0 inscri\u00e7\u00e3o provis\u00f3ria possui a palavra \u201cPROVIS\u00d3RIA\u201d e o registro de sua data de validade.<\/p><p>O profissional que apresenta a certid\u00e3o de cola\u00e7\u00e3o de grau para realizar sua inscri\u00e7\u00e3o no CRP 09 dever\u00e1 substitu\u00ed-la pelo diploma de FORMA\u00c7\u00c3O DE PSIC\u00d3LOGO no prazo de 2 anos, contados da data de sua inscri\u00e7\u00e3o, findo o qual poder\u00e1 ser solicitado junto ao Conselho Regional de Psicologia prorroga\u00e7\u00e3o do prazo de apresenta\u00e7\u00e3o do diploma por 6 (seis) meses nos seguintes casos:<\/p><p><span style=\"color: #3366ff;\"><strong>&#8211; O profissional comprovar que se encontra em d\u00e9bito com a entidade formadora;<\/strong><\/span><br \/><span style=\"color: #3366ff;\"><strong><span style=\"font-family: inherit; font-size: inherit; font-style: inherit; font-variant-ligatures: inherit; font-variant-caps: inherit;\">&#8211; O profissional j\u00e1 ter solicitado o diploma de PSIC\u00d3LOGO no tempo h\u00e1bil, encontrando-se em tr\u00e2mite no \u00f3rg\u00e3o educacional.<\/span><\/strong><\/span><\/p><p><strong>Se no prazo de 6 (seis) meses n\u00e3o houver a apresenta\u00e7\u00e3o do diploma o(a) psic\u00f3logo(a)poder\u00e1 requerer nova prorroga\u00e7\u00e3o,<\/strong> a qual somente ser\u00e1 deferida por mais 6 meses, se acompanhada do protocolo de solicita\u00e7\u00e3o de Diploma junto \u00e0 entidade formadora.<\/p><p><span style=\"color: #3366ff;\"><strong>DEVER\u00c3O SER APRESENTADOS OS SEGUINTES DOCUMENTOS (ELES DEVEM SER DIGITALIZADOS E ANEXADOS EM FORMATO PDF):<br \/><\/strong><\/span><span style=\"color: #3366ff;\"><strong>1.<\/strong><\/span> Um dos documentos abaixo (frente e verso, se o documento possuir informa\u00e7\u00e3o no verso):<br \/>a. Comprovante de que se encontra em d\u00e9bito com a entidade formadora;<br \/>b. Comprovante de j\u00e1 ter solicitado o Diploma de Psic\u00f3logo no tempo h\u00e1bil, encontrando-se em tr\u00e2mite no \u00f3rg\u00e3o educacional;<br \/><span style=\"color: #3366ff;\"><strong>2.<\/strong><\/span> Carteira de Identidade Profissional Provis\u00f3ria &#8211; CIP. Caso o profissional n\u00e3o possua mais a CIP dever\u00e1 apresentar o Boletim de Ocorr\u00eancia.<\/p><p>ATEN\u00c7\u00c3O:<br \/>&#8211; Ap\u00f3s a an\u00e1lise processual, ser\u00e1 emitido o <strong>boleto<\/strong> (taxa de emiss\u00e3o de CIP: <strong>R$ 100,43<\/strong>) a ser pago, no qual ser\u00e1 encaminhado via e-mail para o requerente. Pedimos que AGUARDE o envio do boleto, pois ser\u00e1 encaminhado somente ap\u00f3s a an\u00e1lise do processo.<\/p><p>&#8211; Ao preencher os dados solicitados no Formul\u00e1rio Online, dentro do Requerimento, o solicitante dever\u00e1 marcar a forma de <strong>Recebimento da Carteira de Identidade Profissional (CIP)<\/strong>, se deseja receber na sede do CRP-09 ou no endere\u00e7o residencial via Correios.<\/p><p><strong><span style=\"color: #3366ff;\">OBSERVA\u00c7\u00d5ES IMPORTANTES:<\/span><\/strong><\/p><p><strong>I.<\/strong> Processos com documenta\u00e7\u00e3o incompleta n\u00e3o seguir\u00e3o em tramita\u00e7\u00e3o. Caso isso ocorra, o requerente receber\u00e1, via e-mail, as orienta\u00e7\u00f5es dos documentos faltantes e\/ou equivocados, para que, no prazo de 10 (dez) dias \u00fateis, sejam completados e\/ou solucionados, sob pena de<span style=\"color: #3366ff;\"><strong> indeferimento do pedido<\/strong><\/span>;<br \/><strong>II.<\/strong> A convoca\u00e7\u00e3o para a coleta dos dados biom\u00e9tricos, para futura emiss\u00e3o da <strong>Carteira de Identidade Profissional (CIP)<\/strong>, ser\u00e1 encaminhada via e-mail; ap\u00f3s deferimento do processo;<br \/><strong>III.<\/strong> A <strong>via original<\/strong> da Carteira de identidade Profissional Provis\u00f3ria <strong>Vencida<\/strong> dever\u00e1 ser entregue ao CRP-09, no ato da coleta dos dados biom\u00e9tricos;<br \/><strong>IV<\/strong>. A Carteira de Identidade Profissional de Psic\u00f3logo somente ser\u00e1 retirada pelo (a) psic\u00f3logo (a);<br \/><strong>V.<\/strong> O agendamento para entrega da Carteira de Identidade Profissional (CIP) ser\u00e1 informado por e-mail, assim, pedimos que AGUARDE a comunica\u00e7\u00e3o.<br \/><strong>VI<\/strong>. Prazo para conclus\u00e3o do processo: <strong>40 dias<\/strong>, a partir do cumprimento das exig\u00eancias documentais.<\/p><p style=\"text-align: center;\"><strong><span style=\"color: #3366ff;\">PARA REALIZAR A PRORROGA\u00c7\u00c3O DO PRAZO CLIQUE NO BOT\u00c3O ABAIXO:<br \/><\/span><\/strong><span style=\"color: #3366ff;\">OBS: <\/span><span style=\"color: #3366ff;\">Antes de acessar os requerimentos online esteja com toda documenta\u00e7\u00e3o exigida digitalizada e no formato de PDF.<\/span><\/p><p style=\"text-align: center;\"><span style=\"color: #3366ff;\">No caso de n\u00e3o possuir senha ou de esquecimento de senha, dentro dos Requerimentos Online clique em <strong>ESQUECI MINHA SENHA<\/strong> e preencha os dados solicitados. Assim, a nova senha ser\u00e1 encaminhada ao e-mail do profissional, que consta no banco de dados do CRP-09.<\/span><\/p>\t\t\t\t\t\t\t\t<\/div>\n\t\t\t\t<div class=\"elementor-element elementor-element-bb2455d elementor-align-center elementor-widget elementor-widget-button\" data-id=\"bb2455d\" data-element_type=\"widget\" data-e-type=\"widget\" data-widget_type=\"button.default\">\n\t\t\t\t\t\t\t\t\t\t<a class=\"elementor-button elementor-button-link elementor-size-sm\" href=\"https:\/\/cfpservicos.brctotal.com\/crp09_servicosonline\/AreaInscrito\/Login\/Login.aspx\" target=\"_blank\">\n\t\t\t\t\t\t<span class=\"elementor-button-content-wrapper\">\n\t\t\t\t\t\t\t\t\t<span class=\"elementor-button-text\"> ACESSAR OS REQUERIMENTOS ONLINE<\/span>\n\t\t\t\t\t<\/span>\n\t\t\t\t\t<\/a>\n\t\t\t\t\t\t\t\t<\/div>\n\t\t\t\t\t<\/div>\n\t\t\t\t<\/div>\n\t\t<div class=\"elementor-element elementor-element-8558489 e-flex e-con-boxed e-con e-parent\" data-id=\"8558489\" data-element_type=\"container\" data-e-type=\"container\">\n\t\t\t\t\t<div class=\"e-con-inner\">\n\t\t\t\t<div class=\"elementor-element elementor-element-fdb6721 elementor-widget elementor-widget-text-editor\" data-id=\"fdb6721\" data-element_type=\"widget\" data-e-type=\"widget\" data-widget_type=\"text-editor.default\">\n\t\t\t\t\t\t\t\t\t<p style=\"text-align: center;\"><strong><span style=\"color: #993366;\">ABAIXO CONT\u00c9M O PASSO A PASSO COM AS ORIENTA\u00c7\u00d5ES A\u00a0<br \/><\/span><\/strong><strong style=\"font-family: inherit; font-size: inherit; font-style: inherit; font-variant-ligatures: inherit; font-variant-caps: inherit;\"><span style=\"color: #993366;\">RESPEITO DE COMO<\/span><\/strong><strong style=\"font-family: inherit; font-size: inherit; font-style: inherit; font-variant-ligatures: inherit; font-variant-caps: inherit;\"><span style=\"color: #993366;\">\u00a0SOLICITAR UM PROCESSO NOS REQUERIMENTOS ONLINE:<\/span><\/strong><\/p>\t\t\t\t\t\t\t\t<\/div>\n\t\t\t\t<div class=\"elementor-element elementor-element-3aaa28d elementor-align-center elementor-widget elementor-widget-button\" data-id=\"3aaa28d\" data-element_type=\"widget\" data-e-type=\"widget\" data-widget_type=\"button.default\">\n\t\t\t\t\t\t\t\t\t\t<a class=\"elementor-button elementor-button-link elementor-size-sm\" href=\"https:\/\/crp09.org.br\/site\/wp-content\/uploads\/2026\/03\/COMO_SOLICITAR_UM_PROCESSO_NO_CRP-09-2.pdf\" target=\"_blank\">\n\t\t\t\t\t\t<span class=\"elementor-button-content-wrapper\">\n\t\t\t\t\t\t\t\t\t<span class=\"elementor-button-text\">PASSO A PASSO DE COMO SOLICITAR UM PROCESSO NOS REQUERIMENTOS ONLINE<\/span>\n\t\t\t\t\t<\/span>\n\t\t\t\t\t<\/a>\n\t\t\t\t\t\t\t\t<\/div>\n\t\t\t\t\t<\/div>\n\t\t\t\t<\/div>\n\t\t\t\t<\/div>\n\t\t","protected":false},"excerpt":{"rendered":"<p>Prorroga\u00e7\u00e3o do prazo de apresenta\u00e7\u00e3o do diploma A prorroga\u00e7\u00e3o do prazo de apresenta\u00e7\u00e3o do diploma nos CRP\u2019s \u00e9 regulamentada pela Resolu\u00e7\u00e3o CFP n.\u00ba 03\/2007(alterada pela Resolu\u00e7\u00e3o CFP n.\u00ba 08\/2008, 01\/2012 e 45\/2012). A prorroga\u00e7\u00e3o do prazo de apresenta\u00e7\u00e3o do diploma de forma online, no bot\u00e3o ACESSAR OS REQUERIMENTOS ONLINE que fica localizado ap\u00f3s as instru\u00e7\u00f5es.As [&hellip;]<\/p>\n","protected":false},"author":1,"featured_media":0,"parent":0,"menu_order":0,"comment_status":"closed","ping_status":"closed","template":"","meta":{"footnotes":""},"class_list":["post-1683","page","type-page","status-publish","hentry"],"blocksy_meta":[],"_links":{"self":[{"href":"https:\/\/crp09.org.br\/site\/wp-json\/wp\/v2\/pages\/1683","targetHints":{"allow":["GET"]}}],"collection":[{"href":"https:\/\/crp09.org.br\/site\/wp-json\/wp\/v2\/pages"}],"about":[{"href":"https:\/\/crp09.org.br\/site\/wp-json\/wp\/v2\/types\/page"}],"author":[{"embeddable":true,"href":"https:\/\/crp09.org.br\/site\/wp-json\/wp\/v2\/users\/1"}],"replies":[{"embeddable":true,"href":"https:\/\/crp09.org.br\/site\/wp-json\/wp\/v2\/comments?post=1683"}],"version-history":[{"count":13,"href":"https:\/\/crp09.org.br\/site\/wp-json\/wp\/v2\/pages\/1683\/revisions"}],"predecessor-version":[{"id":1847,"href":"https:\/\/crp09.org.br\/site\/wp-json\/wp\/v2\/pages\/1683\/revisions\/1847"}],"wp:attachment":[{"href":"https:\/\/crp09.org.br\/site\/wp-json\/wp\/v2\/media?parent=1683"}],"curies":[{"name":"wp","href":"https:\/\/api.w.org\/{rel}","templated":true}]}}