{"id":1730,"date":"2026-03-02T17:48:00","date_gmt":"2026-03-02T20:48:00","guid":{"rendered":"https:\/\/crp09.org.br\/site\/?page_id=1730"},"modified":"2026-03-03T22:27:37","modified_gmt":"2026-03-04T01:27:37","slug":"cursos-concluidos-ate-01-01-2023","status":"publish","type":"page","link":"https:\/\/crp09.org.br\/site\/cursos-concluidos-ate-01-01-2023\/","title":{"rendered":"Cursos conclu\u00eddos at\u00e9 01\/01\/2023"},"content":{"rendered":"\t\t<div data-elementor-type=\"wp-page\" data-elementor-id=\"1730\" class=\"elementor elementor-1730\" data-elementor-post-type=\"page\">\n\t\t\t\t<div class=\"elementor-element elementor-element-49bbf05 e-flex e-con-boxed e-con e-parent\" data-id=\"49bbf05\" data-element_type=\"container\" data-e-type=\"container\">\n\t\t\t\t\t<div class=\"e-con-inner\">\n\t\t\t\t<div class=\"elementor-element elementor-element-6ab256a elementor-widget elementor-widget-heading\" data-id=\"6ab256a\" data-element_type=\"widget\" data-e-type=\"widget\" data-widget_type=\"heading.default\">\n\t\t\t\t\t<h2 class=\"elementor-heading-title elementor-size-default\">Cursos conclu\u00eddos at\u00e9 01\/01\/2023<\/h2>\t\t\t\t<\/div>\n\t\t\t\t<div class=\"elementor-element elementor-element-c398cf1 elementor-widget elementor-widget-text-editor\" data-id=\"c398cf1\" data-element_type=\"widget\" data-e-type=\"widget\" data-widget_type=\"text-editor.default\">\n\t\t\t\t\t\t\t\t\t<p style=\"text-align: center;\"><span style=\"color: #3366ff;\"><strong>CURSOS CONCLU\u00cdDOS AT\u00c9 01\/01\/2023<\/strong><\/span><br \/><span style=\"color: #3366ff;\"><strong>Certificado de Especializa\u00e7\u00e3o<\/strong><\/span><\/p><p>O Conselho Federal de Psicologia publicou a Resolu\u00e7\u00e3o CFP n.\u00ba 023\/2022 que institui condi\u00e7\u00f5es para concess\u00e3o e registro de psic\u00f3loga\/o especialistas e reconhece as especialidades da Psicologia.<\/p><p>Os Certificados de cursos de Especializa\u00e7\u00e3o em Psicologia ofertados por Institui\u00e7\u00f5es de Ensino Superior, que constem que foram conclu\u00eddos AT\u00c9 A DATA LIMITE DE 01\/01\/2023, conforme artigo 12 da Resolu\u00e7\u00e3o CFP n.\u00ba 023\/2022, n\u00e3o \u00e9 exigido a apresenta\u00e7\u00e3o documenta\u00e7\u00e3o comprobat\u00f3ria do exerc\u00edcio profissional.Os Certificados de cursos de Especializa\u00e7\u00e3o em Psicologia ofertados por Institui\u00e7\u00f5es de Ensino Superior, que constem que foram conclu\u00eddos AT\u00c9 A DATA LIMITE DE 01\/01\/2023, conforme artigo 12 da Resolu\u00e7\u00e3o CFP n.\u00ba 023\/2022, n\u00e3o \u00e9 exigido a apresenta\u00e7\u00e3o documenta\u00e7\u00e3o comprobat\u00f3ria do exerc\u00edcio profissional.<\/p><p><span style=\"color: #3366ff;\"><strong>DEVER\u00c3O SER APRESENTADOS OS SEGUINTES DOCUMENTOS: (ELES DEVEM SER DIGITALIZADOS E ANEXADOS EM FORMATO PDF):<\/strong><\/span><br \/><span style=\"color: #3366ff;\"><strong>1.<\/strong> <\/span>Formul\u00e1rio para Solicita\u00e7\u00e3o de Registro de Psic\u00f3loga (o) Especialista (devidamente preenchido e assinado) que pode ser acessado <a href=\"https:\/\/crp09.org.br\/site\/wp-content\/uploads\/2026\/03\/ANEXO01_Formulario_-_Solicitacao_Titulo_de_Especialista_CRP09_1-2.pdf\" target=\"_blank\" rel=\"noopener\"><span style=\"color: #3366ff;\"><strong>clicando aqui<\/strong><\/span><\/a>; <br \/><span style=\"color: #3366ff;\"><strong>2.<\/strong><\/span> Certid\u00e3o Negativa (Certid\u00e3o de Regularidade Profissional) pode ser emitido <a href=\"https:\/\/crp09.org.br\/site\/certidao-de-regularidade\/\" target=\"_blank\" rel=\"noopener\"><span style=\"color: #3366ff;\"><strong>clicando aqui<\/strong><\/span><\/a>; <br \/><strong><span style=\"color: #3366ff;\">3.<\/span><\/strong> Carteira de Identidade Profissional de Psic\u00f3loga (o), (No caso de perda\/extravio da CIP dever\u00e1 ser apresentado o Boletim de Ocorr\u00eancia (BO);<br \/><strong><span style=\"color: #3366ff;\">4.<\/span><\/strong> Comprovante de Endere\u00e7o Recente;<br \/><strong><span style=\"color: #3366ff;\">5.<\/span> <\/strong>Diploma GRADUA\u00c7\u00c3O (frente e verso) de psic\u00f3logo (a), devidamente assinado pelo (a) diplomado (a);<br \/><strong><span style=\"color: #3366ff;\">6.<\/span><\/strong> Certificado de Conclus\u00e3o de Curso de ESPECIALIZA\u00c7\u00c3O (frente e verso);<br \/><strong><span style=\"color: #3366ff;\">7.<\/span><\/strong> Hist\u00f3rico Escolar do Curso de ESPECIALIZA\u00c7\u00c3O. (Caso n\u00e3o esteja descrito no verso do certificado);<br \/><strong><span style=\"color: #3366ff;\">8.<\/span> <\/strong>Ato Legal de Credenciamento da Institui\u00e7\u00e3o no MEC &#8211; Portarias e\/ou Publica\u00e7\u00f5es no DOU <a href=\"https:\/\/emec.mec.gov.br\/emec\/nova#avancada\" target=\"_blank\" rel=\"noopener\"><strong><span style=\"color: #3366ff;\">clicando aqui<\/span><\/strong><\/a>.<\/p><p><strong><span style=\"color: #3366ff;\">ATEN\u00c7\u00c3O:<\/span><\/strong><br \/>&#8211; Para realizar a solicita\u00e7\u00e3o do Registro de Psic\u00f3loga\/o Especialista, a\/o psic\u00f3loga\/o <strong>deve ter no m\u00ednimo 02 (dois) anos<\/strong> de inscri\u00e7\u00e3o ativa no Conselho de Psicologia, bem como estar em pleno gozo de seus direitos, conforme Resolu\u00e7\u00e3o CFP n.\u00ba 023\/2022;<br \/>&#8211; Poder\u00e3o ser registradas at\u00e9 duas especialidades na Carteira de Identidade Profissional (CIP);<br \/>&#8211; Ap\u00f3s a an\u00e1lise processual ser\u00e1 emitido o <strong>boleto<\/strong> a ser pago (taxa de emiss\u00e3o de CIP: <strong>R$ 100,43<\/strong>), no qual ser\u00e1 encaminhado via e-mail para o requerente. Pedimos que AGUARDE o envio do boleto, pois ser\u00e1 encaminhado somente ap\u00f3s a an\u00e1lise do processo. <br \/>&#8211; Dever\u00e1 marcar a forma de <strong>Recebimento da Carteira de Identidade Profissional (CIP),<\/strong> se deseja receber na sede do CRP-09 ou no endere\u00e7o residencial via Correios. <br \/>&#8211; Processos com documenta\u00e7\u00e3o incompleta n\u00e3o seguir\u00e3o em tramita\u00e7\u00e3o. Caso isso ocorra, o requerente receber\u00e1, via e-mail, as orienta\u00e7\u00f5es dos documentos faltantes e\/ou equivocados, para que, no prazo de 10 (dez) dias \u00fateis, sejam completados e\/ou solucionados, sob pena de <strong>indeferimento do pedido<\/strong>.<br \/><strong>&#8211; Prazo para conclus\u00e3o do processo e envio do n\u00famero do CRP: 60 dias, a partir do cumprimento das exig\u00eancias documentais.<\/strong><\/p><p><strong><span style=\"color: #3366ff;\">PARA REALIZAR A INSCRI\u00c7\u00c3O CLIQUE NO BOT\u00c3O ABAIXO:<\/span><\/strong><br \/><span style=\"color: #3366ff;\"><strong>OBS:<\/strong> Antes de acessar o Requerimento online esteja com toda documenta\u00e7\u00e3o exigida digitalizada e no formato de PDF.<\/span><\/p>\t\t\t\t\t\t\t\t<\/div>\n\t\t\t\t<div class=\"elementor-element elementor-element-e017e66 elementor-align-center elementor-widget elementor-widget-button\" data-id=\"e017e66\" data-element_type=\"widget\" data-e-type=\"widget\" data-widget_type=\"button.default\">\n\t\t\t\t\t\t\t\t\t\t<a class=\"elementor-button elementor-button-link elementor-size-sm\" href=\"https:\/\/cfpservicos.brctotal.com\/crp09_servicosonline\/AreaInscrito\/Login\/Login.aspx\" target=\"_blank\">\n\t\t\t\t\t\t<span class=\"elementor-button-content-wrapper\">\n\t\t\t\t\t\t\t\t\t<span class=\"elementor-button-text\"> ACESSAR REQUERIMENTO ONLINE<\/span>\n\t\t\t\t\t<\/span>\n\t\t\t\t\t<\/a>\n\t\t\t\t\t\t\t\t<\/div>\n\t\t\t\t\t<\/div>\n\t\t\t\t<\/div>\n\t\t\t\t<\/div>\n\t\t","protected":false},"excerpt":{"rendered":"<p>Cursos conclu\u00eddos at\u00e9 01\/01\/2023 CURSOS CONCLU\u00cdDOS AT\u00c9 01\/01\/2023Certificado de Especializa\u00e7\u00e3o O Conselho Federal de Psicologia publicou a Resolu\u00e7\u00e3o CFP n.\u00ba 023\/2022 que institui condi\u00e7\u00f5es para concess\u00e3o e registro de psic\u00f3loga\/o especialistas e reconhece as especialidades da Psicologia. Os Certificados de cursos de Especializa\u00e7\u00e3o em Psicologia ofertados por Institui\u00e7\u00f5es de Ensino Superior, que constem que foram [&hellip;]<\/p>\n","protected":false},"author":1,"featured_media":0,"parent":0,"menu_order":0,"comment_status":"closed","ping_status":"closed","template":"","meta":{"footnotes":""},"class_list":["post-1730","page","type-page","status-publish","hentry"],"blocksy_meta":[],"_links":{"self":[{"href":"https:\/\/crp09.org.br\/site\/wp-json\/wp\/v2\/pages\/1730","targetHints":{"allow":["GET"]}}],"collection":[{"href":"https:\/\/crp09.org.br\/site\/wp-json\/wp\/v2\/pages"}],"about":[{"href":"https:\/\/crp09.org.br\/site\/wp-json\/wp\/v2\/types\/page"}],"author":[{"embeddable":true,"href":"https:\/\/crp09.org.br\/site\/wp-json\/wp\/v2\/users\/1"}],"replies":[{"embeddable":true,"href":"https:\/\/crp09.org.br\/site\/wp-json\/wp\/v2\/comments?post=1730"}],"version-history":[{"count":22,"href":"https:\/\/crp09.org.br\/site\/wp-json\/wp\/v2\/pages\/1730\/revisions"}],"predecessor-version":[{"id":2118,"href":"https:\/\/crp09.org.br\/site\/wp-json\/wp\/v2\/pages\/1730\/revisions\/2118"}],"wp:attachment":[{"href":"https:\/\/crp09.org.br\/site\/wp-json\/wp\/v2\/media?parent=1730"}],"curies":[{"name":"wp","href":"https:\/\/api.w.org\/{rel}","templated":true}]}}